{"id":540,"date":"2024-12-17T19:59:34","date_gmt":"2024-12-17T23:59:34","guid":{"rendered":"https:\/\/www.portalolasalvesalve.com.br\/tv\/home\/"},"modified":"2024-12-23T17:52:43","modified_gmt":"2024-12-23T21:52:43","slug":"ola-salve-salve-tv","status":"publish","type":"page","link":"https:\/\/www.portalolasalvesalve.com.br\/tv\/","title":{"rendered":"Ol\u00e1 Salve Salve TV"},"content":{"rendered":"\t\t<div data-elementor-type=\"wp-page\" data-elementor-id=\"540\" class=\"elementor elementor-540\" data-elementor-post-type=\"page\">\n\t\t\t\t<div class=\"elementor-element elementor-element-2cb5f4f e-flex e-con-boxed e-con e-parent\" data-id=\"2cb5f4f\" data-element_type=\"container\" data-settings=\"{&quot;background_background&quot;:&quot;classic&quot;}\">\n\t\t\t\t\t<div class=\"e-con-inner\">\n\t\t<div class=\"elementor-element elementor-element-fe6a729 e-con-full e-flex e-con e-child\" data-id=\"fe6a729\" data-element_type=\"container\">\n\t\t\t\t<div class=\"elementor-element elementor-element-de48581 elementor-widget elementor-widget-heading\" data-id=\"de48581\" data-element_type=\"widget\" data-widget_type=\"heading.default\">\n\t\t\t\t<div class=\"elementor-widget-container\">\n\t\t\t\t\t<h3 class=\"elementor-heading-title elementor-size-default\">Voc\u00ea est\u00e1 na<\/h3>\t\t\t\t<\/div>\n\t\t\t\t<\/div>\n\t\t\t\t<div class=\"elementor-element elementor-element-8966e55 elementor-widget-divider--view-line elementor-widget elementor-widget-divider\" data-id=\"8966e55\" data-element_type=\"widget\" data-widget_type=\"divider.default\">\n\t\t\t\t<div class=\"elementor-widget-container\">\n\t\t\t\t\t\t\t<div class=\"elementor-divider\">\n\t\t\t<span class=\"elementor-divider-separator\">\n\t\t\t\t\t\t<\/span>\n\t\t<\/div>\n\t\t\t\t\t\t<\/div>\n\t\t\t\t<\/div>\n\t\t\t\t<div class=\"elementor-element elementor-element-c7345d2 elementor-widget elementor-widget-heading\" data-id=\"c7345d2\" data-element_type=\"widget\" data-widget_type=\"heading.default\">\n\t\t\t\t<div class=\"elementor-widget-container\">\n\t\t\t\t\t<h1 class=\"elementor-heading-title elementor-size-default\">Ol\u00e1 Salve Salve TV<\/h1>\t\t\t\t<\/div>\n\t\t\t\t<\/div>\n\t\t\t\t<div class=\"elementor-element elementor-element-7ba1da6 elementor-align-center elementor-widget elementor-widget-button\" data-id=\"7ba1da6\" data-element_type=\"widget\" data-widget_type=\"button.default\">\n\t\t\t\t<div class=\"elementor-widget-container\">\n\t\t\t\t\t\t\t\t\t<div class=\"elementor-button-wrapper\">\n\t\t\t\t\t<a class=\"elementor-button elementor-button-link elementor-size-sm\" href=\"https:\/\/www.portalolasalvesalve.com.br\/tv\/register\/\">\n\t\t\t\t\t\t<span class=\"elementor-button-content-wrapper\">\n\t\t\t\t\t\t\t\t\t<span class=\"elementor-button-text\">Assista Gr\u00e1tis<\/span>\n\t\t\t\t\t<\/span>\n\t\t\t\t\t<\/a>\n\t\t\t\t<\/div>\n\t\t\t\t\t\t\t\t<\/div>\n\t\t\t\t<\/div>\n\t\t\t\t<\/div>\n\t\t\t\t\t<\/div>\n\t\t\t\t<\/div>\n\t\t<div class=\"elementor-element elementor-element-556ef17 e-flex e-con-boxed e-con e-parent\" data-id=\"556ef17\" data-element_type=\"container\" data-settings=\"{&quot;background_background&quot;:&quot;classic&quot;}\">\n\t\t\t\t\t<div class=\"e-con-inner\">\n\t\t<div class=\"elementor-element elementor-element-40552d9 e-con-full e-flex e-con e-child\" data-id=\"40552d9\" data-element_type=\"container\">\n\t\t<div class=\"elementor-element elementor-element-0e50bf9 e-con-full e-flex e-con e-child\" data-id=\"0e50bf9\" data-element_type=\"container\">\n\t\t<div class=\"elementor-element elementor-element-b2acd4a e-con-full e-flex e-con e-child\" data-id=\"b2acd4a\" data-element_type=\"container\">\n\t\t\t\t<div class=\"elementor-element elementor-element-5818b3c elementor-widget elementor-widget-image\" data-id=\"5818b3c\" data-element_type=\"widget\" data-widget_type=\"image.default\">\n\t\t\t\t<div class=\"elementor-widget-container\">\n\t\t\t\t\t\t\t\t\t\t\t\t\t\t\t<img fetchpriority=\"high\" decoding=\"async\" width=\"800\" height=\"534\" src=\"https:\/\/www.portalolasalvesalve.com.br\/tv\/wp-content\/uploads\/2024\/12\/athetism-man.jpg\" class=\"attachment-full size-full wp-image-1251\" alt=\"\" srcset=\"https:\/\/www.portalolasalvesalve.com.br\/tv\/wp-content\/uploads\/2024\/12\/athetism-man.jpg 800w, https:\/\/www.portalolasalvesalve.com.br\/tv\/wp-content\/uploads\/2024\/12\/athetism-man-300x200.jpg 300w, https:\/\/www.portalolasalvesalve.com.br\/tv\/wp-content\/uploads\/2024\/12\/athetism-man-768x513.jpg 768w\" sizes=\"(max-width: 800px) 100vw, 800px\" \/>\t\t\t\t\t\t\t\t\t\t\t\t\t\t\t<\/div>\n\t\t\t\t<\/div>\n\t\t\t\t<\/div>\n\t\t<div class=\"elementor-element elementor-element-7ea30f9 e-con-full e-flex e-con e-child\" data-id=\"7ea30f9\" data-element_type=\"container\">\n\t\t\t\t<div class=\"elementor-element elementor-element-058d74b elementor-widget elementor-widget-image\" data-id=\"058d74b\" data-element_type=\"widget\" data-widget_type=\"image.default\">\n\t\t\t\t<div class=\"elementor-widget-container\">\n\t\t\t\t\t\t\t\t\t\t\t\t\t\t\t<img decoding=\"async\" width=\"800\" height=\"534\" src=\"https:\/\/www.portalolasalvesalve.com.br\/tv\/wp-content\/uploads\/2024\/12\/football.jpg\" class=\"attachment-full size-full wp-image-1253\" alt=\"football\" srcset=\"https:\/\/www.portalolasalvesalve.com.br\/tv\/wp-content\/uploads\/2024\/12\/football.jpg 800w, https:\/\/www.portalolasalvesalve.com.br\/tv\/wp-content\/uploads\/2024\/12\/football-300x200.jpg 300w, https:\/\/www.portalolasalvesalve.com.br\/tv\/wp-content\/uploads\/2024\/12\/football-768x513.jpg 768w\" sizes=\"(max-width: 800px) 100vw, 800px\" \/>\t\t\t\t\t\t\t\t\t\t\t\t\t\t\t<\/div>\n\t\t\t\t<\/div>\n\t\t\t\t<\/div>\n\t\t<div class=\"elementor-element elementor-element-80afafb e-con-full e-flex e-con e-child\" data-id=\"80afafb\" data-element_type=\"container\">\n\t\t\t\t<div class=\"elementor-element elementor-element-e2faee6 elementor-widget elementor-widget-image\" data-id=\"e2faee6\" data-element_type=\"widget\" data-widget_type=\"image.default\">\n\t\t\t\t<div class=\"elementor-widget-container\">\n\t\t\t\t\t\t\t\t\t\t\t\t\t\t\t<img decoding=\"async\" width=\"800\" height=\"534\" src=\"https:\/\/www.portalolasalvesalve.com.br\/tv\/wp-content\/uploads\/2024\/12\/swimming.jpg\" class=\"attachment-full size-full wp-image-1254\" alt=\"\" srcset=\"https:\/\/www.portalolasalvesalve.com.br\/tv\/wp-content\/uploads\/2024\/12\/swimming.jpg 800w, https:\/\/www.portalolasalvesalve.com.br\/tv\/wp-content\/uploads\/2024\/12\/swimming-300x200.jpg 300w, https:\/\/www.portalolasalvesalve.com.br\/tv\/wp-content\/uploads\/2024\/12\/swimming-768x513.jpg 768w\" sizes=\"(max-width: 800px) 100vw, 800px\" \/>\t\t\t\t\t\t\t\t\t\t\t\t\t\t\t<\/div>\n\t\t\t\t<\/div>\n\t\t\t\t<\/div>\n\t\t\t\t<\/div>\n\t\t\t\t<\/div>\n\t\t\t\t\t<\/div>\n\t\t\t\t<\/div>\n\t\t<div class=\"elementor-element elementor-element-24c68a1 e-flex e-con-boxed e-con e-parent\" data-id=\"24c68a1\" data-element_type=\"container\" data-settings=\"{&quot;background_background&quot;:&quot;classic&quot;}\">\n\t\t\t\t\t<div class=\"e-con-inner\">\n\t\t<div class=\"elementor-element elementor-element-c761d1d e-con-full e-flex e-con e-child\" data-id=\"c761d1d\" data-element_type=\"container\">\n\t\t\t\t<div class=\"elementor-element elementor-element-c004b04 elementor-widget elementor-widget-heading\" data-id=\"c004b04\" data-element_type=\"widget\" data-widget_type=\"heading.default\">\n\t\t\t\t<div class=\"elementor-widget-container\">\n\t\t\t\t\t<h2 class=\"elementor-heading-title elementor-size-default\">Assista de qualquer lugar<\/h2>\t\t\t\t<\/div>\n\t\t\t\t<\/div>\n\t\t\t\t<div class=\"elementor-element elementor-element-93ea5d2 elementor-widget-divider--view-line elementor-widget elementor-widget-divider\" data-id=\"93ea5d2\" data-element_type=\"widget\" data-widget_type=\"divider.default\">\n\t\t\t\t<div class=\"elementor-widget-container\">\n\t\t\t\t\t\t\t<div class=\"elementor-divider\">\n\t\t\t<span class=\"elementor-divider-separator\">\n\t\t\t\t\t\t<\/span>\n\t\t<\/div>\n\t\t\t\t\t\t<\/div>\n\t\t\t\t<\/div>\n\t\t\t\t<div class=\"elementor-element elementor-element-ccfcc53 elementor-widget elementor-widget-text-editor\" data-id=\"ccfcc53\" data-element_type=\"widget\" data-widget_type=\"text-editor.default\">\n\t\t\t\t<div class=\"elementor-widget-container\">\n\t\t\t\t\t\t\t\t\t<p>A <strong>Ol\u00e1 Salve Salve TV<\/strong> \u00e9 o seu lugar predileto para assistir destaques de lutas, jogos e acesso a conte\u00fado exclusivo que captura a ess\u00eancia dos esportes em todo o estado do Amazonas e da Amaz\u00f4nia.<\/p>\t\t\t\t\t\t\t\t<\/div>\n\t\t\t\t<\/div>\n\t\t\t\t<div class=\"elementor-element elementor-element-6ac07a6 elementor-align-left elementor-widget elementor-widget-button\" data-id=\"6ac07a6\" data-element_type=\"widget\" data-widget_type=\"button.default\">\n\t\t\t\t<div class=\"elementor-widget-container\">\n\t\t\t\t\t\t\t\t\t<div class=\"elementor-button-wrapper\">\n\t\t\t\t\t<a class=\"elementor-button elementor-button-link elementor-size-sm\" href=\"https:\/\/www.portalolasalvesalve.com.br\/tv\/register\/\">\n\t\t\t\t\t\t<span class=\"elementor-button-content-wrapper\">\n\t\t\t\t\t\t<span class=\"elementor-button-icon\">\n\t\t\t\t<svg aria-hidden=\"true\" class=\"e-font-icon-svg e-fas-arrow-alt-circle-right\" viewBox=\"0 0 512 512\" xmlns=\"http:\/\/www.w3.org\/2000\/svg\"><path d=\"M256 8c137 0 248 111 248 248S393 504 256 504 8 393 8 256 119 8 256 8zM140 300h116v70.9c0 10.7 13 16.1 20.5 8.5l114.3-114.9c4.7-4.7 4.7-12.2 0-16.9l-114.3-115c-7.6-7.6-20.5-2.2-20.5 8.5V212H140c-6.6 0-12 5.4-12 12v64c0 6.6 5.4 12 12 12z\"><\/path><\/svg>\t\t\t<\/span>\n\t\t\t\t\t\t\t\t\t<span class=\"elementor-button-text\">Registre-se<\/span>\n\t\t\t\t\t<\/span>\n\t\t\t\t\t<\/a>\n\t\t\t\t<\/div>\n\t\t\t\t\t\t\t\t<\/div>\n\t\t\t\t<\/div>\n\t\t\t\t<\/div>\n\t\t\t\t\t<\/div>\n\t\t\t\t<\/div>\n\t\t<div class=\"elementor-element elementor-element-3565d7f e-flex e-con-boxed e-con e-parent\" data-id=\"3565d7f\" data-element_type=\"container\" data-settings=\"{&quot;background_background&quot;:&quot;classic&quot;}\">\n\t\t\t\t\t<div class=\"e-con-inner\">\n\t\t<div class=\"elementor-element elementor-element-bc902d9 e-con-full e-flex e-con e-child\" data-id=\"bc902d9\" data-element_type=\"container\">\n\t\t\t\t<div class=\"elementor-element elementor-element-569d77b elementor-widget__width-inherit elementor-widget elementor-widget-heading\" data-id=\"569d77b\" data-element_type=\"widget\" data-widget_type=\"heading.default\">\n\t\t\t\t<div class=\"elementor-widget-container\">\n\t\t\t\t\t<h2 class=\"elementor-heading-title elementor-size-default\">Registre-se agora!<\/h2>\t\t\t\t<\/div>\n\t\t\t\t<\/div>\n\t\t\t\t<div class=\"elementor-element elementor-element-db189e6 elementor-widget-divider--view-line elementor-widget elementor-widget-divider\" data-id=\"db189e6\" data-element_type=\"widget\" data-widget_type=\"divider.default\">\n\t\t\t\t<div class=\"elementor-widget-container\">\n\t\t\t\t\t\t\t<div class=\"elementor-divider\">\n\t\t\t<span class=\"elementor-divider-separator\">\n\t\t\t\t\t\t<\/span>\n\t\t<\/div>\n\t\t\t\t\t\t<\/div>\n\t\t\t\t<\/div>\n\t\t\t\t<div class=\"elementor-element elementor-element-ce554e8 elementor-widget elementor-widget-text-editor\" data-id=\"ce554e8\" data-element_type=\"widget\" data-widget_type=\"text-editor.default\">\n\t\t\t\t<div class=\"elementor-widget-container\">\n\t\t\t\t\t\t\t\t\t<p>Voc\u00ea est\u00e1 pronto para assistir os programas da Ol\u00e1 Salve Salve TV em todos os lugares que voc\u00ea vai?<\/p><p>Acesso ao conte\u00fado sem taxa mensal. Assista gr\u00e1tis com publicidade.<\/p>\t\t\t\t\t\t\t\t<\/div>\n\t\t\t\t<\/div>\n\t\t\t\t<div class=\"elementor-element elementor-element-a63cbf6 elementor-align-center elementor-widget elementor-widget-button\" data-id=\"a63cbf6\" data-element_type=\"widget\" data-widget_type=\"button.default\">\n\t\t\t\t<div class=\"elementor-widget-container\">\n\t\t\t\t\t\t\t\t\t<div class=\"elementor-button-wrapper\">\n\t\t\t\t\t<a class=\"elementor-button elementor-button-link elementor-size-sm\" href=\"https:\/\/www.portalolasalvesalve.com.br\/tv\/register\/\">\n\t\t\t\t\t\t<span class=\"elementor-button-content-wrapper\">\n\t\t\t\t\t\t\t\t\t<span class=\"elementor-button-text\">Assista Gr\u00e1tis<\/span>\n\t\t\t\t\t<\/span>\n\t\t\t\t\t<\/a>\n\t\t\t\t<\/div>\n\t\t\t\t\t\t\t\t<\/div>\n\t\t\t\t<\/div>\n\t\t\t\t<\/div>\n\t\t\t\t\t<\/div>\n\t\t\t\t<\/div>\n\t\t\t\t<\/div>\n\t\t","protected":false},"excerpt":{"rendered":"<p>Voc\u00ea est\u00e1 na Ol\u00e1 Salve Salve TV Assista Gr\u00e1tis Assista de qualquer lugar A Ol\u00e1 Salve Salve TV \u00e9 o seu lugar predileto para assistir destaques de lutas, jogos e acesso a conte\u00fado exclusivo que captura a ess\u00eancia dos esportes em todo o estado do Amazonas e da Amaz\u00f4nia. Registre-se Registre-se agora! Voc\u00ea est\u00e1 pronto [&hellip;]<\/p>\n","protected":false},"author":1,"featured_media":0,"parent":0,"menu_order":0,"comment_status":"closed","ping_status":"closed","template":"elementor_header_footer","meta":{"footnotes":""},"class_list":["post-540","page","type-page","status-publish","hentry"],"yoast_head":"<!-- This site is optimized with the Yoast SEO plugin v24.1 - https:\/\/yoast.com\/wordpress\/plugins\/seo\/ -->\n<title>Ol\u00e1 Salve Salve TV - Ol\u00e1 Salve Salve TV<\/title>\n<meta name=\"robots\" content=\"index, follow, max-snippet:-1, max-image-preview:large, max-video-preview:-1\" \/>\n<link rel=\"canonical\" href=\"https:\/\/www.portalolasalvesalve.com.br\/tv\/\" \/>\n<meta property=\"og:locale\" content=\"pt_BR\" \/>\n<meta property=\"og:type\" content=\"article\" \/>\n<meta property=\"og:title\" content=\"Ol\u00e1 Salve Salve TV - Ol\u00e1 Salve Salve TV\" \/>\n<meta property=\"og:description\" content=\"Voc\u00ea est\u00e1 na Ol\u00e1 Salve Salve TV Assista Gr\u00e1tis Assista de qualquer lugar A Ol\u00e1 Salve Salve TV \u00e9 o seu lugar predileto para assistir destaques de lutas, jogos e acesso a conte\u00fado exclusivo que captura a ess\u00eancia dos esportes em todo o estado do Amazonas e da Amaz\u00f4nia. Registre-se Registre-se agora! Voc\u00ea est\u00e1 pronto [&hellip;]\" \/>\n<meta property=\"og:url\" content=\"https:\/\/www.portalolasalvesalve.com.br\/tv\/\" \/>\n<meta property=\"og:site_name\" content=\"Ol\u00e1 Salve Salve TV\" \/>\n<meta property=\"article:modified_time\" content=\"2024-12-23T21:52:43+00:00\" \/>\n<meta property=\"og:image\" content=\"https:\/\/www.portalolasalvesalve.com.br\/tv\/wp-content\/uploads\/2024\/12\/athetism-man.jpg\" \/>\n\t<meta property=\"og:image:width\" content=\"800\" \/>\n\t<meta property=\"og:image:height\" content=\"534\" \/>\n\t<meta property=\"og:image:type\" content=\"image\/jpeg\" \/>\n<meta name=\"twitter:card\" content=\"summary_large_image\" \/>\n<meta name=\"twitter:label1\" content=\"Est. tempo de leitura\" \/>\n\t<meta name=\"twitter:data1\" content=\"2 minutos\" \/>\n<script type=\"application\/ld+json\" class=\"yoast-schema-graph\">{\"@context\":\"https:\/\/schema.org\",\"@graph\":[{\"@type\":\"WebPage\",\"@id\":\"https:\/\/www.portalolasalvesalve.com.br\/tv\/\",\"url\":\"https:\/\/www.portalolasalvesalve.com.br\/tv\/\",\"name\":\"Ol\u00e1 Salve Salve TV - Ol\u00e1 Salve Salve TV\",\"isPartOf\":{\"@id\":\"https:\/\/www.portalolasalvesalve.com.br\/tv\/#website\"},\"primaryImageOfPage\":{\"@id\":\"https:\/\/www.portalolasalvesalve.com.br\/tv\/#primaryimage\"},\"image\":{\"@id\":\"https:\/\/www.portalolasalvesalve.com.br\/tv\/#primaryimage\"},\"thumbnailUrl\":\"https:\/\/www.portalolasalvesalve.com.br\/tv\/wp-content\/uploads\/2024\/12\/athetism-man.jpg\",\"datePublished\":\"2024-12-17T23:59:34+00:00\",\"dateModified\":\"2024-12-23T21:52:43+00:00\",\"breadcrumb\":{\"@id\":\"https:\/\/www.portalolasalvesalve.com.br\/tv\/#breadcrumb\"},\"inLanguage\":\"pt-BR\",\"potentialAction\":[{\"@type\":\"ReadAction\",\"target\":[\"https:\/\/www.portalolasalvesalve.com.br\/tv\/\"]}]},{\"@type\":\"ImageObject\",\"inLanguage\":\"pt-BR\",\"@id\":\"https:\/\/www.portalolasalvesalve.com.br\/tv\/#primaryimage\",\"url\":\"https:\/\/www.portalolasalvesalve.com.br\/tv\/wp-content\/uploads\/2024\/12\/athetism-man.jpg\",\"contentUrl\":\"https:\/\/www.portalolasalvesalve.com.br\/tv\/wp-content\/uploads\/2024\/12\/athetism-man.jpg\",\"width\":800,\"height\":534},{\"@type\":\"BreadcrumbList\",\"@id\":\"https:\/\/www.portalolasalvesalve.com.br\/tv\/#breadcrumb\",\"itemListElement\":[{\"@type\":\"ListItem\",\"position\":1,\"name\":\"In\u00edcio\",\"item\":\"https:\/\/www.portalolasalvesalve.com.br\/tv\/\"},{\"@type\":\"ListItem\",\"position\":2,\"name\":\"Ol\u00e1 Salve Salve TV\"}]},{\"@type\":\"WebSite\",\"@id\":\"https:\/\/www.portalolasalvesalve.com.br\/tv\/#website\",\"url\":\"https:\/\/www.portalolasalvesalve.com.br\/tv\/\",\"name\":\"Ol\u00e1 Salve Salve TV\",\"description\":\"Da Amaz\u00f4nia para o Mundo!\",\"publisher\":{\"@id\":\"https:\/\/www.portalolasalvesalve.com.br\/tv\/#organization\"},\"potentialAction\":[{\"@type\":\"SearchAction\",\"target\":{\"@type\":\"EntryPoint\",\"urlTemplate\":\"https:\/\/www.portalolasalvesalve.com.br\/tv\/?s={search_term_string}\"},\"query-input\":{\"@type\":\"PropertyValueSpecification\",\"valueRequired\":true,\"valueName\":\"search_term_string\"}}],\"inLanguage\":\"pt-BR\"},{\"@type\":\"Organization\",\"@id\":\"https:\/\/www.portalolasalvesalve.com.br\/tv\/#organization\",\"name\":\"Ol\u00e1 Salve Salve TV\",\"url\":\"https:\/\/www.portalolasalvesalve.com.br\/tv\/\",\"logo\":{\"@type\":\"ImageObject\",\"inLanguage\":\"pt-BR\",\"@id\":\"https:\/\/www.portalolasalvesalve.com.br\/tv\/#\/schema\/logo\/image\/\",\"url\":\"https:\/\/www.portalolasalvesalve.com.br\/tv\/wp-content\/uploads\/2024\/12\/logo.png\",\"contentUrl\":\"https:\/\/www.portalolasalvesalve.com.br\/tv\/wp-content\/uploads\/2024\/12\/logo.png\",\"width\":490,\"height\":115,\"caption\":\"Ol\u00e1 Salve Salve TV\"},\"image\":{\"@id\":\"https:\/\/www.portalolasalvesalve.com.br\/tv\/#\/schema\/logo\/image\/\"}}]}<\/script>\n<!-- \/ Yoast SEO plugin. -->","yoast_head_json":{"title":"Ol\u00e1 Salve Salve TV - Ol\u00e1 Salve Salve TV","robots":{"index":"index","follow":"follow","max-snippet":"max-snippet:-1","max-image-preview":"max-image-preview:large","max-video-preview":"max-video-preview:-1"},"canonical":"https:\/\/www.portalolasalvesalve.com.br\/tv\/","og_locale":"pt_BR","og_type":"article","og_title":"Ol\u00e1 Salve Salve TV - Ol\u00e1 Salve Salve TV","og_description":"Voc\u00ea est\u00e1 na Ol\u00e1 Salve Salve TV Assista Gr\u00e1tis Assista de qualquer lugar A Ol\u00e1 Salve Salve TV \u00e9 o seu lugar predileto para assistir destaques de lutas, jogos e acesso a conte\u00fado exclusivo que captura a ess\u00eancia dos esportes em todo o estado do Amazonas e da Amaz\u00f4nia. Registre-se Registre-se agora! Voc\u00ea est\u00e1 pronto [&hellip;]","og_url":"https:\/\/www.portalolasalvesalve.com.br\/tv\/","og_site_name":"Ol\u00e1 Salve Salve TV","article_modified_time":"2024-12-23T21:52:43+00:00","og_image":[{"width":800,"height":534,"url":"https:\/\/www.portalolasalvesalve.com.br\/tv\/wp-content\/uploads\/2024\/12\/athetism-man.jpg","type":"image\/jpeg"}],"twitter_card":"summary_large_image","twitter_misc":{"Est. tempo de leitura":"2 minutos"},"schema":{"@context":"https:\/\/schema.org","@graph":[{"@type":"WebPage","@id":"https:\/\/www.portalolasalvesalve.com.br\/tv\/","url":"https:\/\/www.portalolasalvesalve.com.br\/tv\/","name":"Ol\u00e1 Salve Salve TV - Ol\u00e1 Salve Salve TV","isPartOf":{"@id":"https:\/\/www.portalolasalvesalve.com.br\/tv\/#website"},"primaryImageOfPage":{"@id":"https:\/\/www.portalolasalvesalve.com.br\/tv\/#primaryimage"},"image":{"@id":"https:\/\/www.portalolasalvesalve.com.br\/tv\/#primaryimage"},"thumbnailUrl":"https:\/\/www.portalolasalvesalve.com.br\/tv\/wp-content\/uploads\/2024\/12\/athetism-man.jpg","datePublished":"2024-12-17T23:59:34+00:00","dateModified":"2024-12-23T21:52:43+00:00","breadcrumb":{"@id":"https:\/\/www.portalolasalvesalve.com.br\/tv\/#breadcrumb"},"inLanguage":"pt-BR","potentialAction":[{"@type":"ReadAction","target":["https:\/\/www.portalolasalvesalve.com.br\/tv\/"]}]},{"@type":"ImageObject","inLanguage":"pt-BR","@id":"https:\/\/www.portalolasalvesalve.com.br\/tv\/#primaryimage","url":"https:\/\/www.portalolasalvesalve.com.br\/tv\/wp-content\/uploads\/2024\/12\/athetism-man.jpg","contentUrl":"https:\/\/www.portalolasalvesalve.com.br\/tv\/wp-content\/uploads\/2024\/12\/athetism-man.jpg","width":800,"height":534},{"@type":"BreadcrumbList","@id":"https:\/\/www.portalolasalvesalve.com.br\/tv\/#breadcrumb","itemListElement":[{"@type":"ListItem","position":1,"name":"In\u00edcio","item":"https:\/\/www.portalolasalvesalve.com.br\/tv\/"},{"@type":"ListItem","position":2,"name":"Ol\u00e1 Salve Salve TV"}]},{"@type":"WebSite","@id":"https:\/\/www.portalolasalvesalve.com.br\/tv\/#website","url":"https:\/\/www.portalolasalvesalve.com.br\/tv\/","name":"Ol\u00e1 Salve Salve TV","description":"Da Amaz\u00f4nia para o Mundo!","publisher":{"@id":"https:\/\/www.portalolasalvesalve.com.br\/tv\/#organization"},"potentialAction":[{"@type":"SearchAction","target":{"@type":"EntryPoint","urlTemplate":"https:\/\/www.portalolasalvesalve.com.br\/tv\/?s={search_term_string}"},"query-input":{"@type":"PropertyValueSpecification","valueRequired":true,"valueName":"search_term_string"}}],"inLanguage":"pt-BR"},{"@type":"Organization","@id":"https:\/\/www.portalolasalvesalve.com.br\/tv\/#organization","name":"Ol\u00e1 Salve Salve TV","url":"https:\/\/www.portalolasalvesalve.com.br\/tv\/","logo":{"@type":"ImageObject","inLanguage":"pt-BR","@id":"https:\/\/www.portalolasalvesalve.com.br\/tv\/#\/schema\/logo\/image\/","url":"https:\/\/www.portalolasalvesalve.com.br\/tv\/wp-content\/uploads\/2024\/12\/logo.png","contentUrl":"https:\/\/www.portalolasalvesalve.com.br\/tv\/wp-content\/uploads\/2024\/12\/logo.png","width":490,"height":115,"caption":"Ol\u00e1 Salve Salve TV"},"image":{"@id":"https:\/\/www.portalolasalvesalve.com.br\/tv\/#\/schema\/logo\/image\/"}}]}},"_links":{"self":[{"href":"https:\/\/www.portalolasalvesalve.com.br\/tv\/wp-json\/wp\/v2\/pages\/540","targetHints":{"allow":["GET"]}}],"collection":[{"href":"https:\/\/www.portalolasalvesalve.com.br\/tv\/wp-json\/wp\/v2\/pages"}],"about":[{"href":"https:\/\/www.portalolasalvesalve.com.br\/tv\/wp-json\/wp\/v2\/types\/page"}],"author":[{"embeddable":true,"href":"https:\/\/www.portalolasalvesalve.com.br\/tv\/wp-json\/wp\/v2\/users\/1"}],"replies":[{"embeddable":true,"href":"https:\/\/www.portalolasalvesalve.com.br\/tv\/wp-json\/wp\/v2\/comments?post=540"}],"version-history":[{"count":82,"href":"https:\/\/www.portalolasalvesalve.com.br\/tv\/wp-json\/wp\/v2\/pages\/540\/revisions"}],"predecessor-version":[{"id":1641,"href":"https:\/\/www.portalolasalvesalve.com.br\/tv\/wp-json\/wp\/v2\/pages\/540\/revisions\/1641"}],"wp:attachment":[{"href":"https:\/\/www.portalolasalvesalve.com.br\/tv\/wp-json\/wp\/v2\/media?parent=540"}],"curies":[{"name":"wp","href":"https:\/\/api.w.org\/{rel}","templated":true}]}}